{"id":3,"date":"2022-08-12T12:39:41","date_gmt":"2022-08-12T12:39:41","guid":{"rendered":"https:\/\/polariszinal.ch\/?page_id=3"},"modified":"2022-10-13T15:29:23","modified_gmt":"2022-10-13T15:29:23","slug":"privacy-policy","status":"publish","type":"page","link":"https:\/\/polariszinal.ch\/fr\/privacy-policy\/","title":{"rendered":"Politique de confidentialit\u00e9"},"content":{"rendered":"<div data-elementor-type=\"wp-page\" data-elementor-id=\"3\" class=\"elementor elementor-3\" data-elementor-post-type=\"page\">\n\t\t\t\t\t\t<section class=\"elementor-section elementor-top-section elementor-element elementor-element-81c2dc5 elementor-section-boxed elementor-section-height-default elementor-section-height-default\" data-id=\"81c2dc5\" data-element_type=\"section\">\n\t\t\t\t\t\t<div class=\"elementor-container elementor-column-gap-default\">\n\t\t\t\t\t<div class=\"elementor-column elementor-col-100 elementor-top-column elementor-element elementor-element-7eeb76c2\" data-id=\"7eeb76c2\" data-element_type=\"column\">\n\t\t\t<div class=\"elementor-widget-wrap elementor-element-populated\">\n\t\t\t\t\t\t<div class=\"elementor-element elementor-element-4de5bc47 elementor-widget elementor-widget-text-editor\" data-id=\"4de5bc47\" data-element_type=\"widget\" data-widget_type=\"text-editor.default\">\n\t\t\t\t<div class=\"elementor-widget-container\">\n\t\t\t\t\t\t\t\t\t<p><\/p>\n<p style=\"font-weight: 400;\"><strong>Qui sommes-nous ?<br \/><\/strong>L'adresse de notre site web est la suivante : https:\/\/polariszinal.ch.<\/p>\n<p style=\"font-weight: 400;\"><strong>Politique de confidentialit\u00e9<br \/><\/strong>Cette politique de confidentialit\u00e9 a \u00e9t\u00e9 \u00e9labor\u00e9e pour mieux servir ceux qui s'inqui\u00e8tent de la mani\u00e8re dont les informations personnellement identifiables sont utilis\u00e9es en ligne. Veuillez lire attentivement notre politique de confidentialit\u00e9 afin de bien comprendre comment nous collectons, utilisons, prot\u00e9geons ou traitons vos informations personnellement identifiables conform\u00e9ment \u00e0 notre site Web.<\/p>\n<p style=\"font-weight: 400;\"><strong>Quelles informations personnelles recueillons-nous aupr\u00e8s des personnes qui visitent notre site web ?<br \/><\/strong>Lors de la r\u00e9servation ou de l'enregistrement sur notre site, selon le cas, il peut vous \u00eatre demand\u00e9 de saisir votre nom, votre adresse \u00e9lectronique, votre adresse postale, votre num\u00e9ro de t\u00e9l\u00e9phone ou d'autres d\u00e9tails pour faciliter le traitement de votre r\u00e9servation.<\/p>\n<p style=\"font-weight: 400;\"><strong>Quand recueillons-nous des informations ?<br \/><\/strong>Nous recueillons des informations aupr\u00e8s de vous lorsque vous effectuez une r\u00e9servation, nous envoyez une demande, vous abonnez \u00e0 une lettre d'information ou saisissez des informations sur notre site.<\/p>\n<p style=\"font-weight: 400;\"><strong>Comment utilisons-nous vos informations ?<br \/><\/strong>Nous pouvons utiliser les informations que nous recueillons aupr\u00e8s de vous lorsque vous effectuez une r\u00e9servation, que vous nous envoyez une demande, que vous vous inscrivez \u00e0 notre bulletin d'information, que vous r\u00e9pondez \u00e0 une enqu\u00eate ou \u00e0 une communication marketing, que vous surfez sur le site web ou que vous utilisez certaines autres fonctionnalit\u00e9s du site de la mani\u00e8re suivante :<br \/>\u00a0\u00a0\u00a0\u00a0\u00a0 - Pour am\u00e9liorer notre site web afin de mieux vous servir.<br \/>\u00a0\u00a0\u00a0\u00a0\u00a0 - Pour traiter rapidement vos transactions.<br \/>Nous recueillons votre adresse \u00e9lectronique afin de :<br \/>\u00a0\u00a0\u00a0\u00a0\u00a0 - Envoyer des informations, r\u00e9pondre \u00e0 des demandes de renseignements et\/ou \u00e0 d'autres demandes ou questions.<br \/>\u00a0\u00a0\u00a0\u00a0\u00a0 - traiter les r\u00e9servations et envoyer des informations et des mises \u00e0 jour relatives aux commandes<br \/>\u00a0\u00a0\u00a0\u00a0\u00a0 - Nous pouvons \u00e9galement vous envoyer des informations suppl\u00e9mentaires relatives \u00e0 votre produit et\/ou service.<br \/><br \/><strong>Comment prot\u00e9geons-nous les informations des visiteurs ?<br \/><\/strong>Vos informations personnelles sont contenues derri\u00e8re des r\u00e9seaux s\u00e9curis\u00e9s et ne sont accessibles qu'\u00e0 un nombre limit\u00e9 de personnes qui disposent de droits d'acc\u00e8s sp\u00e9ciaux \u00e0 ces syst\u00e8mes et sont tenues de pr\u00e9server la confidentialit\u00e9 de ces informations.\u00a0<\/p>\n<p style=\"font-weight: 400;\">Toutes les transactions par carte de cr\u00e9dit sont trait\u00e9es par un fournisseur de passerelle s\u00e9curis\u00e9e et ne sont pas stock\u00e9es ou trait\u00e9es sur nos serveurs.<br \/><br \/><strong>Divulgation \u00e0 des tiers<br \/><\/strong>Nous ne vendons pas, n'\u00e9changeons pas et ne transf\u00e9rons pas d'une autre mani\u00e8re \u00e0 des tiers vos informations personnelles identifiables, sauf si nous vous en informons au pr\u00e9alable. Cela n'inclut pas les partenaires d'h\u00e9bergement de sites Web et les autres parties qui nous aident \u00e0 exploiter notre site Web, \u00e0 mener nos activit\u00e9s ou \u00e0 vous fournir des services, pour autant que ces parties acceptent de garder ces informations confidentielles. Nous pouvons \u00e9galement divulguer vos informations lorsque nous pensons qu'il est appropri\u00e9 de le faire pour se conformer \u00e0 la loi, appliquer les politiques de notre site, ou prot\u00e9ger nos droits, notre propri\u00e9t\u00e9 ou notre s\u00e9curit\u00e9 ou ceux d'autres personnes.<br \/><br \/><strong>Liens vers des tiers<br \/><\/strong>\u00c0 l'heure actuelle, nous n'incluons ni ne proposons de produits ou de services de tiers sur notre site web.<br \/><br \/><strong>Questions<\/strong><br \/>Pour toute question relative \u00e0 cette politique de confidentialit\u00e9, vous pouvez nous contacter en utilisant les informations de contact figurant dans le pied de page du site, ou via le formulaire de la page Contacts.<\/p>\n<p style=\"font-weight: 400;\">\u00a0<\/p>\n<p><\/p>\t\t\t\t\t\t\t\t<\/div>\n\t\t\t\t<\/div>\n\t\t\t\t\t<\/div>\n\t\t<\/div>\n\t\t\t\t\t<\/div>\n\t\t<\/section>\n\t\t\t\t<\/div>","protected":false},"excerpt":{"rendered":"<p>Qui sommes-nousL'adresse de notre site web est : https:\/\/polariszinal.ch. Politique de confidentialit\u00e9La pr\u00e9sente politique de confidentialit\u00e9 a \u00e9t\u00e9 \u00e9labor\u00e9e pour mieux servir les personnes qui s'inqui\u00e8tent de la mani\u00e8re dont les informations d'identification personnelle sont utilis\u00e9es en ligne. Veuillez lire attentivement notre politique de confidentialit\u00e9 pour ... <a href=\"https:\/\/polariszinal.ch\/fr\/privacy-policy\/\">Lire la suite<\/a><\/p>","protected":false},"author":3,"featured_media":0,"parent":0,"menu_order":0,"comment_status":"closed","ping_status":"open","template":"","meta":{"footnotes":""},"class_list":["post-3","page","type-page","status-publish","hentry"],"yoast_head":"<!-- This site is optimized with the Yoast SEO plugin v26.7 - https:\/\/yoast.com\/wordpress\/plugins\/seo\/ -->\n<title>Privacy Policy - Polaris Zinal<\/title>\n<meta name=\"robots\" content=\"index, follow, max-snippet:-1, max-image-preview:large, max-video-preview:-1\" \/>\n<link rel=\"canonical\" href=\"https:\/\/polariszinal.ch\/fr\/privacy-policy\/\" \/>\n<meta property=\"og:locale\" content=\"fr_FR\" \/>\n<meta property=\"og:type\" content=\"article\" \/>\n<meta property=\"og:title\" content=\"Privacy Policy - Polaris Zinal\" \/>\n<meta property=\"og:description\" content=\"Who we areOur website address is: https:\/\/polariszinal.ch. Privacy policyThis privacy policy has been compiled to better serve those who are concerned with how Personally Identifiable Information is being used online. Please read our privacy policy carefully to get a clear &hellip; Read More\" \/>\n<meta property=\"og:url\" content=\"https:\/\/polariszinal.ch\/fr\/privacy-policy\/\" \/>\n<meta property=\"og:site_name\" content=\"Polaris Zinal\" \/>\n<meta property=\"article:publisher\" content=\"https:\/\/www.facebook.com\/profile.php?id=100083383870838\" \/>\n<meta property=\"article:modified_time\" content=\"2022-10-13T15:29:23+00:00\" \/>\n<meta name=\"twitter:card\" content=\"summary_large_image\" \/>\n<meta name=\"twitter:label1\" content=\"Dur\u00e9e de lecture estim\u00e9e\" \/>\n\t<meta name=\"twitter:data1\" content=\"2 minutes\" \/>\n<script type=\"application\/ld+json\" class=\"yoast-schema-graph\">{\"@context\":\"https:\/\/schema.org\",\"@graph\":[{\"@type\":\"WebPage\",\"@id\":\"https:\/\/polariszinal.ch\/privacy-policy\/\",\"url\":\"https:\/\/polariszinal.ch\/privacy-policy\/\",\"name\":\"Privacy Policy - Polaris Zinal\",\"isPartOf\":{\"@id\":\"https:\/\/polariszinal.ch\/#website\"},\"datePublished\":\"2022-08-12T12:39:41+00:00\",\"dateModified\":\"2022-10-13T15:29:23+00:00\",\"breadcrumb\":{\"@id\":\"https:\/\/polariszinal.ch\/privacy-policy\/#breadcrumb\"},\"inLanguage\":\"fr-FR\",\"potentialAction\":[{\"@type\":\"ReadAction\",\"target\":[\"https:\/\/polariszinal.ch\/privacy-policy\/\"]}]},{\"@type\":\"BreadcrumbList\",\"@id\":\"https:\/\/polariszinal.ch\/privacy-policy\/#breadcrumb\",\"itemListElement\":[{\"@type\":\"ListItem\",\"position\":1,\"name\":\"Home\",\"item\":\"https:\/\/polariszinal.ch\/\"},{\"@type\":\"ListItem\",\"position\":2,\"name\":\"Privacy Policy\"}]},{\"@type\":\"WebSite\",\"@id\":\"https:\/\/polariszinal.ch\/#website\",\"url\":\"https:\/\/polariszinal.ch\/\",\"name\":\"Polaris Zinal\",\"description\":\"Appartement 2\",\"publisher\":{\"@id\":\"https:\/\/polariszinal.ch\/#organization\"},\"potentialAction\":[{\"@type\":\"SearchAction\",\"target\":{\"@type\":\"EntryPoint\",\"urlTemplate\":\"https:\/\/polariszinal.ch\/?s={search_term_string}\"},\"query-input\":{\"@type\":\"PropertyValueSpecification\",\"valueRequired\":true,\"valueName\":\"search_term_string\"}}],\"inLanguage\":\"fr-FR\"},{\"@type\":\"Organization\",\"@id\":\"https:\/\/polariszinal.ch\/#organization\",\"name\":\"Polaris Zinal\",\"url\":\"https:\/\/polariszinal.ch\/\",\"logo\":{\"@type\":\"ImageObject\",\"inLanguage\":\"fr-FR\",\"@id\":\"https:\/\/polariszinal.ch\/#\/schema\/logo\/image\/\",\"url\":\"https:\/\/polariszinal.ch\/wp-content\/uploads\/2022\/01\/WhatsApp-Image-2022-09-22-at-1.03.18-PM.jpeg\",\"contentUrl\":\"https:\/\/polariszinal.ch\/wp-content\/uploads\/2022\/01\/WhatsApp-Image-2022-09-22-at-1.03.18-PM.jpeg\",\"width\":634,\"height\":540,\"caption\":\"Polaris Zinal\"},\"image\":{\"@id\":\"https:\/\/polariszinal.ch\/#\/schema\/logo\/image\/\"},\"sameAs\":[\"https:\/\/www.facebook.com\/profile.php?id=100083383870838\",\"https:\/\/www.instagram.com\/polaris_zinal_app2\/\"]}]}<\/script>\n<!-- \/ Yoast SEO plugin. -->","yoast_head_json":{"title":"Privacy Policy - Polaris Zinal","robots":{"index":"index","follow":"follow","max-snippet":"max-snippet:-1","max-image-preview":"max-image-preview:large","max-video-preview":"max-video-preview:-1"},"canonical":"https:\/\/polariszinal.ch\/fr\/privacy-policy\/","og_locale":"fr_FR","og_type":"article","og_title":"Privacy Policy - Polaris Zinal","og_description":"Who we areOur website address is: https:\/\/polariszinal.ch. Privacy policyThis privacy policy has been compiled to better serve those who are concerned with how Personally Identifiable Information is being used online. Please read our privacy policy carefully to get a clear &hellip; Read More","og_url":"https:\/\/polariszinal.ch\/fr\/privacy-policy\/","og_site_name":"Polaris Zinal","article_publisher":"https:\/\/www.facebook.com\/profile.php?id=100083383870838","article_modified_time":"2022-10-13T15:29:23+00:00","twitter_card":"summary_large_image","twitter_misc":{"Dur\u00e9e de lecture estim\u00e9e":"2 minutes"},"schema":{"@context":"https:\/\/schema.org","@graph":[{"@type":"WebPage","@id":"https:\/\/polariszinal.ch\/privacy-policy\/","url":"https:\/\/polariszinal.ch\/privacy-policy\/","name":"Privacy Policy - Polaris Zinal","isPartOf":{"@id":"https:\/\/polariszinal.ch\/#website"},"datePublished":"2022-08-12T12:39:41+00:00","dateModified":"2022-10-13T15:29:23+00:00","breadcrumb":{"@id":"https:\/\/polariszinal.ch\/privacy-policy\/#breadcrumb"},"inLanguage":"fr-FR","potentialAction":[{"@type":"ReadAction","target":["https:\/\/polariszinal.ch\/privacy-policy\/"]}]},{"@type":"BreadcrumbList","@id":"https:\/\/polariszinal.ch\/privacy-policy\/#breadcrumb","itemListElement":[{"@type":"ListItem","position":1,"name":"Home","item":"https:\/\/polariszinal.ch\/"},{"@type":"ListItem","position":2,"name":"Privacy Policy"}]},{"@type":"WebSite","@id":"https:\/\/polariszinal.ch\/#website","url":"https:\/\/polariszinal.ch\/","name":"Polaris Zinal","description":"Appartement 2","publisher":{"@id":"https:\/\/polariszinal.ch\/#organization"},"potentialAction":[{"@type":"SearchAction","target":{"@type":"EntryPoint","urlTemplate":"https:\/\/polariszinal.ch\/?s={search_term_string}"},"query-input":{"@type":"PropertyValueSpecification","valueRequired":true,"valueName":"search_term_string"}}],"inLanguage":"fr-FR"},{"@type":"Organization","@id":"https:\/\/polariszinal.ch\/#organization","name":"Polaris Zinal","url":"https:\/\/polariszinal.ch\/","logo":{"@type":"ImageObject","inLanguage":"fr-FR","@id":"https:\/\/polariszinal.ch\/#\/schema\/logo\/image\/","url":"https:\/\/polariszinal.ch\/wp-content\/uploads\/2022\/01\/WhatsApp-Image-2022-09-22-at-1.03.18-PM.jpeg","contentUrl":"https:\/\/polariszinal.ch\/wp-content\/uploads\/2022\/01\/WhatsApp-Image-2022-09-22-at-1.03.18-PM.jpeg","width":634,"height":540,"caption":"Polaris Zinal"},"image":{"@id":"https:\/\/polariszinal.ch\/#\/schema\/logo\/image\/"},"sameAs":["https:\/\/www.facebook.com\/profile.php?id=100083383870838","https:\/\/www.instagram.com\/polaris_zinal_app2\/"]}]}},"_links":{"self":[{"href":"https:\/\/polariszinal.ch\/fr\/wp-json\/wp\/v2\/pages\/3","targetHints":{"allow":["GET"]}}],"collection":[{"href":"https:\/\/polariszinal.ch\/fr\/wp-json\/wp\/v2\/pages"}],"about":[{"href":"https:\/\/polariszinal.ch\/fr\/wp-json\/wp\/v2\/types\/page"}],"author":[{"embeddable":true,"href":"https:\/\/polariszinal.ch\/fr\/wp-json\/wp\/v2\/users\/3"}],"replies":[{"embeddable":true,"href":"https:\/\/polariszinal.ch\/fr\/wp-json\/wp\/v2\/comments?post=3"}],"version-history":[{"count":6,"href":"https:\/\/polariszinal.ch\/fr\/wp-json\/wp\/v2\/pages\/3\/revisions"}],"predecessor-version":[{"id":1775,"href":"https:\/\/polariszinal.ch\/fr\/wp-json\/wp\/v2\/pages\/3\/revisions\/1775"}],"wp:attachment":[{"href":"https:\/\/polariszinal.ch\/fr\/wp-json\/wp\/v2\/media?parent=3"}],"curies":[{"name":"wp","href":"https:\/\/api.w.org\/{rel}","templated":true}]}}