{"id":117,"date":"2021-12-31T21:31:17","date_gmt":"2021-12-31T21:31:17","guid":{"rendered":"https:\/\/import.themovation.com\/bellevue2\/chalet2\/?page_id=1013"},"modified":"2025-03-12T14:38:47","modified_gmt":"2025-03-12T14:38:47","slug":"terms-conditions","status":"publish","type":"page","link":"https:\/\/polariszinal.ch\/fr\/terms-conditions\/","title":{"rendered":"Termes et conditions"},"content":{"rendered":"<div data-elementor-type=\"wp-page\" data-elementor-id=\"117\" class=\"elementor elementor-117\" data-elementor-post-type=\"page\">\n\t\t\t\t\t\t<section class=\"elementor-section elementor-top-section elementor-element elementor-element-c12a9f5 elementor-section-boxed elementor-section-height-default elementor-section-height-default\" data-id=\"c12a9f5\" data-element_type=\"section\">\n\t\t\t\t\t\t<div class=\"elementor-container elementor-column-gap-default\">\n\t\t\t\t\t<div class=\"elementor-column elementor-col-100 elementor-top-column elementor-element elementor-element-7fcfa2e\" data-id=\"7fcfa2e\" data-element_type=\"column\">\n\t\t\t<div class=\"elementor-widget-wrap elementor-element-populated\">\n\t\t\t\t\t\t<div class=\"elementor-element elementor-element-8717014 elementor-widget elementor-widget-spacer\" data-id=\"8717014\" data-element_type=\"widget\" data-widget_type=\"spacer.default\">\n\t\t\t\t<div class=\"elementor-widget-container\">\n\t\t\t\t\t\t\t<div class=\"elementor-spacer\">\n\t\t\t<div class=\"elementor-spacer-inner\"><\/div>\n\t\t<\/div>\n\t\t\t\t\t\t<\/div>\n\t\t\t\t<\/div>\n\t\t\t\t\t<\/div>\n\t\t<\/div>\n\t\t\t\t\t<\/div>\n\t\t<\/section>\n\t\t\t\t<section class=\"elementor-section elementor-top-section elementor-element elementor-element-51249cd2 elementor-section-boxed elementor-section-height-default elementor-section-height-default\" data-id=\"51249cd2\" data-element_type=\"section\">\n\t\t\t\t\t\t<div class=\"elementor-container elementor-column-gap-default\">\n\t\t\t\t\t<div class=\"elementor-column elementor-col-100 elementor-top-column elementor-element elementor-element-1986d565\" data-id=\"1986d565\" data-element_type=\"column\">\n\t\t\t<div class=\"elementor-widget-wrap elementor-element-populated\">\n\t\t\t\t\t\t<div class=\"elementor-element elementor-element-785f39e4 elementor-widget elementor-widget-text-editor\" data-id=\"785f39e4\" data-element_type=\"widget\" data-widget_type=\"text-editor.default\">\n\t\t\t\t<div class=\"elementor-widget-container\">\n\t\t\t\t\t\t\t\t\t<p style=\"font-weight: 400;\"><strong>Bienvenue \u00e0 l'appartement Polaris 2<\/strong><\/p>\n<p style=\"font-weight: 400;\">Les pr\u00e9sentes conditions g\u00e9n\u00e9rales d\u00e9finissent les r\u00e8gles et r\u00e8glements relatifs \u00e0 l'utilisation de l'application Polaris 2.<\/p>\n<p style=\"font-weight: 400;\">Polaris app 2 est situ\u00e9 \u00e0 : Route du tremblan 2, 3961 Zinal ; Suisse.<\/p>\n<p style=\"font-weight: 400;\"><strong>Fixation des prix<\/strong><\/p>\n<ul style=\"font-weight: 400;\">\n<li>Les b\u00e9b\u00e9s qui utilisent le babycot sont gratuits, merci de les mentionner dans les commentaires.<\/li>\n<li>Nettoyage final (150 CHF + TVA) inclus dans le prix.<\/li>\n<li>Les draps et les serviettes (obligatoires) sont inclus au prix de 20 CHF\/personne.\u00a0<\/li>\n<li>Taxe de s\u00e9jour incluse dans le prix<\/li>\n<li>Une caution de 1000 CHF sera pr\u00e9lev\u00e9e lors de l'enregistrement et rembours\u00e9e au moment du d\u00e9part.<\/li>\n<li>Le prix de la location comprend les charges (eau, \u00e9lectricit\u00e9 et chauffage).\u00a0<\/li>\n<li>En cas de non pr\u00e9sentation (NO SHOW), le client perdra 100% du montant pr\u00e9pay\u00e9 de la location.<\/li>\n<li>L'enregistrement se fait \u00e0 partir de 16h00 le jour de l'arriv\u00e9e. Le d\u00e9part se fait avant 10h00 le jour du d\u00e9part.\u00a0<\/li>\n<li>Le logement doit \u00eatre laiss\u00e9 propre \u00e0 la fin du s\u00e9jour.\u00a0<\/li>\n<li>Le locataire s'engage \u00e0 signaler tout d\u00e9g\u00e2t \u00e0 l'agence au plus tard 24 heures apr\u00e8s son arriv\u00e9e. Le locataire est responsable de tous les dommages caus\u00e9s, vols, infractions, non-respect du r\u00e8glement pendant son s\u00e9jour.\u00a0<\/li>\n<li>Le locataire s'engage \u00e0 respecter le r\u00e8glement de l'immeuble. Il est interdit de faire du bruit apr\u00e8s 22 heures. Il est interdit de fumer dans le logement et les parties communes, sauf indication contraire. Les locataires qui ne respectent pas le r\u00e8glement devront quitter les lieux. Un d\u00e9part anticip\u00e9 donne droit \u00e0 aucun rabais ou remboursement partiel de la location.\u00a0<\/li>\n<li>En cas de force majeure : catastrophes naturelles, bouleversements climatiques ou pour toute autre nuisance due \u00e0 des travaux, des \u00e9v\u00e9nements priv\u00e9s ou publics, aucune demande ne donnera droit \u00e0 une indemnisation.<\/li>\n<\/ul>\n<p style=\"font-weight: 400;\"><strong>Politique d'annulation<\/strong><\/p>\n<ul style=\"font-weight: 400;\">\n<li>L'annulation gratuite est possible jusqu'\u00e0 31 jours avant l'arriv\u00e9e.<\/li>\n<li>31 jours avant l'arriv\u00e9e jusqu'\u00e0 15 jours avant l'arriv\u00e9e : 50% frais d'annulation.<\/li>\n<li>A partir de 15 jours avant l'arriv\u00e9e : 100% de frais d'annulation.<\/li>\n<\/ul>\n<p style=\"font-weight: 400;\"><strong>Paiements<\/strong><\/p>\n<ul style=\"font-weight: 400;\">\n<li>Paiement par virement bancaire ou Stripe (carte de cr\u00e9dit ou Apple Pay) en CHF.<\/li>\n<li>Contactez-nous pour les virements en EUR<\/li>\n<li>50% du prix total de la location doivent \u00eatre pay\u00e9s dans les 5 jours pour confirmer la r\u00e9servation.<\/li>\n<li>Le solde doit \u00eatre pay\u00e9 4 semaines avant l'arriv\u00e9e.<\/li>\n<\/ul>\n<p style=\"font-weight: 400;\"><strong>Merci.<\/strong><\/p>\n<p style=\"font-weight: 400;\">\u00a0<\/p>\t\t\t\t\t\t\t\t<\/div>\n\t\t\t\t<\/div>\n\t\t\t\t\t<\/div>\n\t\t<\/div>\n\t\t\t\t\t<\/div>\n\t\t<\/section>\n\t\t\t\t<\/div>","protected":false},"excerpt":{"rendered":"<p>Bienvenue dans l'appartement Polaris 2 Ces conditions g\u00e9n\u00e9rales d\u00e9crivent les r\u00e8gles et r\u00e8glements pour l'utilisation de l'application Polaris 2. L'application Polaris 2 est situ\u00e9e \u00e0 : Route du tremblan 2, 3961 Zinal ; Suisse. Tarifs Les b\u00e9b\u00e9s qui utilisent le babycot sont gratuits, ... <a href=\"https:\/\/polariszinal.ch\/fr\/terms-conditions\/\">Lire la suite<\/a><\/p>","protected":false},"author":3,"featured_media":0,"parent":0,"menu_order":1,"comment_status":"closed","ping_status":"closed","template":"","meta":{"footnotes":""},"class_list":["post-117","page","type-page","status-publish","hentry"],"yoast_head":"<!-- This site is optimized with the Yoast SEO plugin v26.7 - https:\/\/yoast.com\/wordpress\/plugins\/seo\/ -->\n<title>Terms &amp; Conditions - Polaris Zinal<\/title>\n<meta name=\"robots\" content=\"index, follow, max-snippet:-1, max-image-preview:large, max-video-preview:-1\" \/>\n<link rel=\"canonical\" href=\"https:\/\/polariszinal.ch\/fr\/terms-conditions\/\" \/>\n<meta property=\"og:locale\" content=\"fr_FR\" \/>\n<meta property=\"og:type\" content=\"article\" \/>\n<meta property=\"og:title\" content=\"Terms &amp; Conditions - Polaris Zinal\" \/>\n<meta property=\"og:description\" content=\"Welcome to the Polaris apartement 2 These terms and conditions outline the rules and regulations for the use of Polaris app 2. Polaris app 2 is located at:\u00a0Route du tremblan 2, 3961 Zinal;\u00a0Switzerland. Pricing Babies\u00a0who use the babycot are free, &hellip; Read More\" \/>\n<meta property=\"og:url\" content=\"https:\/\/polariszinal.ch\/fr\/terms-conditions\/\" \/>\n<meta property=\"og:site_name\" content=\"Polaris Zinal\" \/>\n<meta property=\"article:publisher\" content=\"https:\/\/www.facebook.com\/profile.php?id=100083383870838\" \/>\n<meta property=\"article:modified_time\" content=\"2025-03-12T14:38:47+00:00\" \/>\n<meta name=\"twitter:card\" content=\"summary_large_image\" \/>\n<meta name=\"twitter:label1\" content=\"Dur\u00e9e de lecture estim\u00e9e\" \/>\n\t<meta name=\"twitter:data1\" content=\"2 minutes\" \/>\n<script type=\"application\/ld+json\" class=\"yoast-schema-graph\">{\"@context\":\"https:\/\/schema.org\",\"@graph\":[{\"@type\":\"WebPage\",\"@id\":\"https:\/\/polariszinal.ch\/terms-conditions\/\",\"url\":\"https:\/\/polariszinal.ch\/terms-conditions\/\",\"name\":\"Terms & Conditions - Polaris Zinal\",\"isPartOf\":{\"@id\":\"https:\/\/polariszinal.ch\/#website\"},\"datePublished\":\"2021-12-31T21:31:17+00:00\",\"dateModified\":\"2025-03-12T14:38:47+00:00\",\"breadcrumb\":{\"@id\":\"https:\/\/polariszinal.ch\/terms-conditions\/#breadcrumb\"},\"inLanguage\":\"fr-FR\",\"potentialAction\":[{\"@type\":\"ReadAction\",\"target\":[\"https:\/\/polariszinal.ch\/terms-conditions\/\"]}]},{\"@type\":\"BreadcrumbList\",\"@id\":\"https:\/\/polariszinal.ch\/terms-conditions\/#breadcrumb\",\"itemListElement\":[{\"@type\":\"ListItem\",\"position\":1,\"name\":\"Home\",\"item\":\"https:\/\/polariszinal.ch\/\"},{\"@type\":\"ListItem\",\"position\":2,\"name\":\"Terms &#038; Conditions\"}]},{\"@type\":\"WebSite\",\"@id\":\"https:\/\/polariszinal.ch\/#website\",\"url\":\"https:\/\/polariszinal.ch\/\",\"name\":\"Polaris Zinal\",\"description\":\"Appartement 2\",\"publisher\":{\"@id\":\"https:\/\/polariszinal.ch\/#organization\"},\"potentialAction\":[{\"@type\":\"SearchAction\",\"target\":{\"@type\":\"EntryPoint\",\"urlTemplate\":\"https:\/\/polariszinal.ch\/?s={search_term_string}\"},\"query-input\":{\"@type\":\"PropertyValueSpecification\",\"valueRequired\":true,\"valueName\":\"search_term_string\"}}],\"inLanguage\":\"fr-FR\"},{\"@type\":\"Organization\",\"@id\":\"https:\/\/polariszinal.ch\/#organization\",\"name\":\"Polaris Zinal\",\"url\":\"https:\/\/polariszinal.ch\/\",\"logo\":{\"@type\":\"ImageObject\",\"inLanguage\":\"fr-FR\",\"@id\":\"https:\/\/polariszinal.ch\/#\/schema\/logo\/image\/\",\"url\":\"https:\/\/polariszinal.ch\/wp-content\/uploads\/2022\/01\/WhatsApp-Image-2022-09-22-at-1.03.18-PM.jpeg\",\"contentUrl\":\"https:\/\/polariszinal.ch\/wp-content\/uploads\/2022\/01\/WhatsApp-Image-2022-09-22-at-1.03.18-PM.jpeg\",\"width\":634,\"height\":540,\"caption\":\"Polaris Zinal\"},\"image\":{\"@id\":\"https:\/\/polariszinal.ch\/#\/schema\/logo\/image\/\"},\"sameAs\":[\"https:\/\/www.facebook.com\/profile.php?id=100083383870838\",\"https:\/\/www.instagram.com\/polaris_zinal_app2\/\"]}]}<\/script>\n<!-- \/ Yoast SEO plugin. -->","yoast_head_json":{"title":"Terms & Conditions - Polaris Zinal","robots":{"index":"index","follow":"follow","max-snippet":"max-snippet:-1","max-image-preview":"max-image-preview:large","max-video-preview":"max-video-preview:-1"},"canonical":"https:\/\/polariszinal.ch\/fr\/terms-conditions\/","og_locale":"fr_FR","og_type":"article","og_title":"Terms & Conditions - Polaris Zinal","og_description":"Welcome to the Polaris apartement 2 These terms and conditions outline the rules and regulations for the use of Polaris app 2. Polaris app 2 is located at:\u00a0Route du tremblan 2, 3961 Zinal;\u00a0Switzerland. Pricing Babies\u00a0who use the babycot are free, &hellip; Read More","og_url":"https:\/\/polariszinal.ch\/fr\/terms-conditions\/","og_site_name":"Polaris Zinal","article_publisher":"https:\/\/www.facebook.com\/profile.php?id=100083383870838","article_modified_time":"2025-03-12T14:38:47+00:00","twitter_card":"summary_large_image","twitter_misc":{"Dur\u00e9e de lecture estim\u00e9e":"2 minutes"},"schema":{"@context":"https:\/\/schema.org","@graph":[{"@type":"WebPage","@id":"https:\/\/polariszinal.ch\/terms-conditions\/","url":"https:\/\/polariszinal.ch\/terms-conditions\/","name":"Terms & Conditions - Polaris Zinal","isPartOf":{"@id":"https:\/\/polariszinal.ch\/#website"},"datePublished":"2021-12-31T21:31:17+00:00","dateModified":"2025-03-12T14:38:47+00:00","breadcrumb":{"@id":"https:\/\/polariszinal.ch\/terms-conditions\/#breadcrumb"},"inLanguage":"fr-FR","potentialAction":[{"@type":"ReadAction","target":["https:\/\/polariszinal.ch\/terms-conditions\/"]}]},{"@type":"BreadcrumbList","@id":"https:\/\/polariszinal.ch\/terms-conditions\/#breadcrumb","itemListElement":[{"@type":"ListItem","position":1,"name":"Home","item":"https:\/\/polariszinal.ch\/"},{"@type":"ListItem","position":2,"name":"Terms &#038; Conditions"}]},{"@type":"WebSite","@id":"https:\/\/polariszinal.ch\/#website","url":"https:\/\/polariszinal.ch\/","name":"Polaris Zinal","description":"Appartement 2","publisher":{"@id":"https:\/\/polariszinal.ch\/#organization"},"potentialAction":[{"@type":"SearchAction","target":{"@type":"EntryPoint","urlTemplate":"https:\/\/polariszinal.ch\/?s={search_term_string}"},"query-input":{"@type":"PropertyValueSpecification","valueRequired":true,"valueName":"search_term_string"}}],"inLanguage":"fr-FR"},{"@type":"Organization","@id":"https:\/\/polariszinal.ch\/#organization","name":"Polaris Zinal","url":"https:\/\/polariszinal.ch\/","logo":{"@type":"ImageObject","inLanguage":"fr-FR","@id":"https:\/\/polariszinal.ch\/#\/schema\/logo\/image\/","url":"https:\/\/polariszinal.ch\/wp-content\/uploads\/2022\/01\/WhatsApp-Image-2022-09-22-at-1.03.18-PM.jpeg","contentUrl":"https:\/\/polariszinal.ch\/wp-content\/uploads\/2022\/01\/WhatsApp-Image-2022-09-22-at-1.03.18-PM.jpeg","width":634,"height":540,"caption":"Polaris Zinal"},"image":{"@id":"https:\/\/polariszinal.ch\/#\/schema\/logo\/image\/"},"sameAs":["https:\/\/www.facebook.com\/profile.php?id=100083383870838","https:\/\/www.instagram.com\/polaris_zinal_app2\/"]}]}},"_links":{"self":[{"href":"https:\/\/polariszinal.ch\/fr\/wp-json\/wp\/v2\/pages\/117","targetHints":{"allow":["GET"]}}],"collection":[{"href":"https:\/\/polariszinal.ch\/fr\/wp-json\/wp\/v2\/pages"}],"about":[{"href":"https:\/\/polariszinal.ch\/fr\/wp-json\/wp\/v2\/types\/page"}],"author":[{"embeddable":true,"href":"https:\/\/polariszinal.ch\/fr\/wp-json\/wp\/v2\/users\/3"}],"replies":[{"embeddable":true,"href":"https:\/\/polariszinal.ch\/fr\/wp-json\/wp\/v2\/comments?post=117"}],"version-history":[{"count":18,"href":"https:\/\/polariszinal.ch\/fr\/wp-json\/wp\/v2\/pages\/117\/revisions"}],"predecessor-version":[{"id":2084,"href":"https:\/\/polariszinal.ch\/fr\/wp-json\/wp\/v2\/pages\/117\/revisions\/2084"}],"wp:attachment":[{"href":"https:\/\/polariszinal.ch\/fr\/wp-json\/wp\/v2\/media?parent=117"}],"curies":[{"name":"wp","href":"https:\/\/api.w.org\/{rel}","templated":true}]}}