{"id":3,"date":"2022-08-12T12:39:41","date_gmt":"2022-08-12T12:39:41","guid":{"rendered":"https:\/\/polariszinal.ch\/?page_id=3"},"modified":"2022-10-13T15:29:23","modified_gmt":"2022-10-13T15:29:23","slug":"privacy-policy","status":"publish","type":"page","link":"https:\/\/polariszinal.ch\/de\/privacy-policy\/","title":{"rendered":"Datenschutzbestimmungen"},"content":{"rendered":"<div data-elementor-type=\"wp-page\" data-elementor-id=\"3\" class=\"elementor elementor-3\" data-elementor-post-type=\"page\">\n\t\t\t\t\t\t<section class=\"elementor-section elementor-top-section elementor-element elementor-element-81c2dc5 elementor-section-boxed elementor-section-height-default elementor-section-height-default\" data-id=\"81c2dc5\" data-element_type=\"section\">\n\t\t\t\t\t\t<div class=\"elementor-container elementor-column-gap-default\">\n\t\t\t\t\t<div class=\"elementor-column elementor-col-100 elementor-top-column elementor-element elementor-element-7eeb76c2\" data-id=\"7eeb76c2\" data-element_type=\"column\">\n\t\t\t<div class=\"elementor-widget-wrap elementor-element-populated\">\n\t\t\t\t\t\t<div class=\"elementor-element elementor-element-4de5bc47 elementor-widget elementor-widget-text-editor\" data-id=\"4de5bc47\" data-element_type=\"widget\" data-widget_type=\"text-editor.default\">\n\t\t\t\t<div class=\"elementor-widget-container\">\n\t\t\t\t\t\t\t\t\t<p><\/p>\n<p style=\"font-weight: 400;\"><strong>Wer wir sind<br \/><\/strong>Unsere Website-Adresse lautet: https:\/\/polariszinal.ch.<\/p>\n<p style=\"font-weight: 400;\"><strong>Datenschutzbestimmungen<br \/><\/strong>Diese Datenschutzrichtlinie wurde erstellt, um denjenigen, die sich \u00fcber die Verwendung personenbezogener Daten im Internet Gedanken machen, besser zu helfen. Bitte lesen Sie unsere Datenschutzrichtlinien sorgf\u00e4ltig durch, um ein klares Verst\u00e4ndnis daf\u00fcr zu bekommen, wie wir Ihre personenbezogenen Daten in \u00dcbereinstimmung mit unserer Website sammeln, verwenden, sch\u00fctzen oder anderweitig behandeln.<\/p>\n<p style=\"font-weight: 400;\"><strong>Welche pers\u00f6nlichen Daten sammeln wir von den Besuchern unserer Website?<br \/><\/strong>Bei der Buchung oder Registrierung auf unserer Website werden Sie ggf. aufgefordert, Ihren Namen, Ihre E-Mail-Adresse, Ihre Postanschrift, Ihre Telefonnummer oder andere Angaben einzugeben, um die Bearbeitung Ihrer Reservierung zu erleichtern.<\/p>\n<p style=\"font-weight: 400;\"><strong>Wann sammeln wir Informationen?<br \/><\/strong>Wir sammeln Informationen von Ihnen, wenn Sie eine Reservierung vornehmen, uns eine Anfrage senden, einen Newsletter abonnieren oder Informationen auf unserer Website eingeben.<\/p>\n<p style=\"font-weight: 400;\"><strong>Wie verwenden wir Ihre Informationen?<br \/><\/strong>Wir k\u00f6nnen die Informationen, die wir von Ihnen sammeln, wenn Sie eine Reservierung vornehmen, uns eine Anfrage senden, sich f\u00fcr unseren Newsletter anmelden, auf eine Umfrage oder Marketingmitteilung antworten, auf der Website surfen oder bestimmte andere Funktionen der Website nutzen, wie folgt verwenden:<br \/>\u00a0\u00a0\u00a0\u00a0\u00a0 - Um unsere Website zu verbessern, damit wir Ihnen besser dienen k\u00f6nnen.<br \/>\u00a0\u00a0\u00a0\u00a0\u00a0 - Um Ihre Transaktionen schnell zu bearbeiten.<br \/>Wir erfassen Ihre E-Mail-Adresse, um:<br \/>\u00a0\u00a0\u00a0\u00a0\u00a0 - Versenden von Informationen, Beantworten von Anfragen und\/oder anderen Ersuchen oder Fragen.<br \/>\u00a0\u00a0\u00a0\u00a0\u00a0 - Bearbeitung von Reservierungen und \u00dcbermittlung von Informationen und Aktualisierungen zu Bestellungen<br \/>\u00a0\u00a0\u00a0\u00a0\u00a0 - Wir k\u00f6nnen Ihnen auch zus\u00e4tzliche Informationen zu Ihrem Produkt und\/oder Ihrer Dienstleistung zusenden.<br \/><br \/><strong>Wie sch\u00fctzen wir die Daten unserer Besucher?<br \/><\/strong>Ihre pers\u00f6nlichen Daten befinden sich in gesicherten Netzwerken und sind nur f\u00fcr eine begrenzte Anzahl von Personen zug\u00e4nglich, die \u00fcber besondere Zugangsrechte zu diesen Systemen verf\u00fcgen und verpflichtet sind, die Daten vertraulich zu behandeln.\u00a0<\/p>\n<p style=\"font-weight: 400;\">Alle Kreditkartentransaktionen werden \u00fcber einen sicheren Gateway-Anbieter abgewickelt und werden nicht auf unseren Servern gespeichert oder verarbeitet.<br \/><br \/><strong>Offenlegung gegen\u00fcber Dritten<br \/><\/strong>Wir werden Ihre personenbezogenen Daten nicht verkaufen, tauschen oder anderweitig an Dritte weitergeben, es sei denn, wir informieren Sie im Voraus dar\u00fcber. Davon ausgenommen sind Website-Hosting-Partner und andere Parteien, die uns beim Betrieb unserer Website, bei der Abwicklung unserer Gesch\u00e4fte oder bei der Erbringung von Dienstleistungen f\u00fcr Sie unterst\u00fctzen, sofern diese Parteien sich verpflichten, diese Informationen vertraulich zu behandeln. Wir k\u00f6nnen Ihre Daten auch freigeben, wenn wir der Meinung sind, dass die Freigabe angemessen ist, um das Gesetz einzuhalten, unsere Website-Richtlinien durchzusetzen oder unsere oder die Rechte, das Eigentum oder die Sicherheit anderer zu sch\u00fctzen.<br \/><br \/><strong>Links von Dritten<br \/><\/strong>Gegenw\u00e4rtig bieten wir auf unserer Website keine Produkte oder Dienstleistungen Dritter an.<br \/><br \/><strong>Fragen<\/strong><br \/>Wenn Sie Fragen zu dieser Datenschutzerkl\u00e4rung haben, k\u00f6nnen Sie uns \u00fcber die Kontaktinformationen in der Fu\u00dfzeile der Website oder \u00fcber das Formular auf der Seite Kontakte kontaktieren.<\/p>\n<p style=\"font-weight: 400;\">\u00a0<\/p>\n<p><\/p>\t\t\t\t\t\t\t\t<\/div>\n\t\t\t\t<\/div>\n\t\t\t\t\t<\/div>\n\t\t<\/div>\n\t\t\t\t\t<\/div>\n\t\t<\/section>\n\t\t\t\t<\/div>","protected":false},"excerpt":{"rendered":"<p>Wer wir sindUnsere Website-Adresse lautet: https:\/\/polariszinal.ch. DatenschutzDiese Datenschutzrichtlinien wurden zusammengestellt, um denjenigen, die sich \u00fcber die Verwendung personenbezogener Daten im Internet Gedanken machen, besser zu helfen. Bitte lesen Sie unsere Datenschutzrichtlinien sorgf\u00e4ltig durch, damit Sie eine klare ... <a href=\"https:\/\/polariszinal.ch\/de\/privacy-policy\/\">Mehr lesen<\/a><\/p>","protected":false},"author":3,"featured_media":0,"parent":0,"menu_order":0,"comment_status":"closed","ping_status":"open","template":"","meta":{"footnotes":""},"class_list":["post-3","page","type-page","status-publish","hentry"],"yoast_head":"<!-- This site is optimized with the Yoast SEO plugin v26.7 - https:\/\/yoast.com\/wordpress\/plugins\/seo\/ -->\n<title>Privacy Policy - Polaris Zinal<\/title>\n<meta name=\"robots\" content=\"index, follow, max-snippet:-1, max-image-preview:large, max-video-preview:-1\" \/>\n<link rel=\"canonical\" href=\"https:\/\/polariszinal.ch\/de\/privacy-policy\/\" \/>\n<meta property=\"og:locale\" content=\"de_DE\" \/>\n<meta property=\"og:type\" content=\"article\" \/>\n<meta property=\"og:title\" content=\"Privacy Policy - Polaris Zinal\" \/>\n<meta property=\"og:description\" content=\"Who we areOur website address is: https:\/\/polariszinal.ch. Privacy policyThis privacy policy has been compiled to better serve those who are concerned with how Personally Identifiable Information is being used online. Please read our privacy policy carefully to get a clear &hellip; Read More\" \/>\n<meta property=\"og:url\" content=\"https:\/\/polariszinal.ch\/de\/privacy-policy\/\" \/>\n<meta property=\"og:site_name\" content=\"Polaris Zinal\" \/>\n<meta property=\"article:publisher\" content=\"https:\/\/www.facebook.com\/profile.php?id=100083383870838\" \/>\n<meta property=\"article:modified_time\" content=\"2022-10-13T15:29:23+00:00\" \/>\n<meta name=\"twitter:card\" content=\"summary_large_image\" \/>\n<meta name=\"twitter:label1\" content=\"Gesch\u00e4tzte Lesezeit\" \/>\n\t<meta name=\"twitter:data1\" content=\"2\u00a0Minuten\" \/>\n<script type=\"application\/ld+json\" class=\"yoast-schema-graph\">{\"@context\":\"https:\/\/schema.org\",\"@graph\":[{\"@type\":\"WebPage\",\"@id\":\"https:\/\/polariszinal.ch\/privacy-policy\/\",\"url\":\"https:\/\/polariszinal.ch\/privacy-policy\/\",\"name\":\"Privacy Policy - Polaris Zinal\",\"isPartOf\":{\"@id\":\"https:\/\/polariszinal.ch\/#website\"},\"datePublished\":\"2022-08-12T12:39:41+00:00\",\"dateModified\":\"2022-10-13T15:29:23+00:00\",\"breadcrumb\":{\"@id\":\"https:\/\/polariszinal.ch\/privacy-policy\/#breadcrumb\"},\"inLanguage\":\"de\",\"potentialAction\":[{\"@type\":\"ReadAction\",\"target\":[\"https:\/\/polariszinal.ch\/privacy-policy\/\"]}]},{\"@type\":\"BreadcrumbList\",\"@id\":\"https:\/\/polariszinal.ch\/privacy-policy\/#breadcrumb\",\"itemListElement\":[{\"@type\":\"ListItem\",\"position\":1,\"name\":\"Home\",\"item\":\"https:\/\/polariszinal.ch\/\"},{\"@type\":\"ListItem\",\"position\":2,\"name\":\"Privacy Policy\"}]},{\"@type\":\"WebSite\",\"@id\":\"https:\/\/polariszinal.ch\/#website\",\"url\":\"https:\/\/polariszinal.ch\/\",\"name\":\"Polaris Zinal\",\"description\":\"Appartement 2\",\"publisher\":{\"@id\":\"https:\/\/polariszinal.ch\/#organization\"},\"potentialAction\":[{\"@type\":\"SearchAction\",\"target\":{\"@type\":\"EntryPoint\",\"urlTemplate\":\"https:\/\/polariszinal.ch\/?s={search_term_string}\"},\"query-input\":{\"@type\":\"PropertyValueSpecification\",\"valueRequired\":true,\"valueName\":\"search_term_string\"}}],\"inLanguage\":\"de\"},{\"@type\":\"Organization\",\"@id\":\"https:\/\/polariszinal.ch\/#organization\",\"name\":\"Polaris Zinal\",\"url\":\"https:\/\/polariszinal.ch\/\",\"logo\":{\"@type\":\"ImageObject\",\"inLanguage\":\"de\",\"@id\":\"https:\/\/polariszinal.ch\/#\/schema\/logo\/image\/\",\"url\":\"https:\/\/polariszinal.ch\/wp-content\/uploads\/2022\/01\/WhatsApp-Image-2022-09-22-at-1.03.18-PM.jpeg\",\"contentUrl\":\"https:\/\/polariszinal.ch\/wp-content\/uploads\/2022\/01\/WhatsApp-Image-2022-09-22-at-1.03.18-PM.jpeg\",\"width\":634,\"height\":540,\"caption\":\"Polaris Zinal\"},\"image\":{\"@id\":\"https:\/\/polariszinal.ch\/#\/schema\/logo\/image\/\"},\"sameAs\":[\"https:\/\/www.facebook.com\/profile.php?id=100083383870838\",\"https:\/\/www.instagram.com\/polaris_zinal_app2\/\"]}]}<\/script>\n<!-- \/ Yoast SEO plugin. -->","yoast_head_json":{"title":"Privacy Policy - Polaris Zinal","robots":{"index":"index","follow":"follow","max-snippet":"max-snippet:-1","max-image-preview":"max-image-preview:large","max-video-preview":"max-video-preview:-1"},"canonical":"https:\/\/polariszinal.ch\/de\/privacy-policy\/","og_locale":"de_DE","og_type":"article","og_title":"Privacy Policy - Polaris Zinal","og_description":"Who we areOur website address is: https:\/\/polariszinal.ch. Privacy policyThis privacy policy has been compiled to better serve those who are concerned with how Personally Identifiable Information is being used online. Please read our privacy policy carefully to get a clear &hellip; Read More","og_url":"https:\/\/polariszinal.ch\/de\/privacy-policy\/","og_site_name":"Polaris Zinal","article_publisher":"https:\/\/www.facebook.com\/profile.php?id=100083383870838","article_modified_time":"2022-10-13T15:29:23+00:00","twitter_card":"summary_large_image","twitter_misc":{"Gesch\u00e4tzte Lesezeit":"2\u00a0Minuten"},"schema":{"@context":"https:\/\/schema.org","@graph":[{"@type":"WebPage","@id":"https:\/\/polariszinal.ch\/privacy-policy\/","url":"https:\/\/polariszinal.ch\/privacy-policy\/","name":"Privacy Policy - Polaris Zinal","isPartOf":{"@id":"https:\/\/polariszinal.ch\/#website"},"datePublished":"2022-08-12T12:39:41+00:00","dateModified":"2022-10-13T15:29:23+00:00","breadcrumb":{"@id":"https:\/\/polariszinal.ch\/privacy-policy\/#breadcrumb"},"inLanguage":"de","potentialAction":[{"@type":"ReadAction","target":["https:\/\/polariszinal.ch\/privacy-policy\/"]}]},{"@type":"BreadcrumbList","@id":"https:\/\/polariszinal.ch\/privacy-policy\/#breadcrumb","itemListElement":[{"@type":"ListItem","position":1,"name":"Home","item":"https:\/\/polariszinal.ch\/"},{"@type":"ListItem","position":2,"name":"Privacy Policy"}]},{"@type":"WebSite","@id":"https:\/\/polariszinal.ch\/#website","url":"https:\/\/polariszinal.ch\/","name":"Polaris Zinal","description":"Appartement 2","publisher":{"@id":"https:\/\/polariszinal.ch\/#organization"},"potentialAction":[{"@type":"SearchAction","target":{"@type":"EntryPoint","urlTemplate":"https:\/\/polariszinal.ch\/?s={search_term_string}"},"query-input":{"@type":"PropertyValueSpecification","valueRequired":true,"valueName":"search_term_string"}}],"inLanguage":"de"},{"@type":"Organization","@id":"https:\/\/polariszinal.ch\/#organization","name":"Polaris Zinal","url":"https:\/\/polariszinal.ch\/","logo":{"@type":"ImageObject","inLanguage":"de","@id":"https:\/\/polariszinal.ch\/#\/schema\/logo\/image\/","url":"https:\/\/polariszinal.ch\/wp-content\/uploads\/2022\/01\/WhatsApp-Image-2022-09-22-at-1.03.18-PM.jpeg","contentUrl":"https:\/\/polariszinal.ch\/wp-content\/uploads\/2022\/01\/WhatsApp-Image-2022-09-22-at-1.03.18-PM.jpeg","width":634,"height":540,"caption":"Polaris Zinal"},"image":{"@id":"https:\/\/polariszinal.ch\/#\/schema\/logo\/image\/"},"sameAs":["https:\/\/www.facebook.com\/profile.php?id=100083383870838","https:\/\/www.instagram.com\/polaris_zinal_app2\/"]}]}},"_links":{"self":[{"href":"https:\/\/polariszinal.ch\/de\/wp-json\/wp\/v2\/pages\/3","targetHints":{"allow":["GET"]}}],"collection":[{"href":"https:\/\/polariszinal.ch\/de\/wp-json\/wp\/v2\/pages"}],"about":[{"href":"https:\/\/polariszinal.ch\/de\/wp-json\/wp\/v2\/types\/page"}],"author":[{"embeddable":true,"href":"https:\/\/polariszinal.ch\/de\/wp-json\/wp\/v2\/users\/3"}],"replies":[{"embeddable":true,"href":"https:\/\/polariszinal.ch\/de\/wp-json\/wp\/v2\/comments?post=3"}],"version-history":[{"count":6,"href":"https:\/\/polariszinal.ch\/de\/wp-json\/wp\/v2\/pages\/3\/revisions"}],"predecessor-version":[{"id":1775,"href":"https:\/\/polariszinal.ch\/de\/wp-json\/wp\/v2\/pages\/3\/revisions\/1775"}],"wp:attachment":[{"href":"https:\/\/polariszinal.ch\/de\/wp-json\/wp\/v2\/media?parent=3"}],"curies":[{"name":"wp","href":"https:\/\/api.w.org\/{rel}","templated":true}]}}