{"id":117,"date":"2021-12-31T21:31:17","date_gmt":"2021-12-31T21:31:17","guid":{"rendered":"https:\/\/import.themovation.com\/bellevue2\/chalet2\/?page_id=1013"},"modified":"2025-03-12T14:38:47","modified_gmt":"2025-03-12T14:38:47","slug":"terms-conditions","status":"publish","type":"page","link":"https:\/\/polariszinal.ch\/de\/terms-conditions\/","title":{"rendered":"Bedingungen und Konditionen"},"content":{"rendered":"<div data-elementor-type=\"wp-page\" data-elementor-id=\"117\" class=\"elementor elementor-117\" data-elementor-post-type=\"page\">\n\t\t\t\t\t\t<section class=\"elementor-section elementor-top-section elementor-element elementor-element-c12a9f5 elementor-section-boxed elementor-section-height-default elementor-section-height-default\" data-id=\"c12a9f5\" data-element_type=\"section\">\n\t\t\t\t\t\t<div class=\"elementor-container elementor-column-gap-default\">\n\t\t\t\t\t<div class=\"elementor-column elementor-col-100 elementor-top-column elementor-element elementor-element-7fcfa2e\" data-id=\"7fcfa2e\" data-element_type=\"column\">\n\t\t\t<div class=\"elementor-widget-wrap elementor-element-populated\">\n\t\t\t\t\t\t<div class=\"elementor-element elementor-element-8717014 elementor-widget elementor-widget-spacer\" data-id=\"8717014\" data-element_type=\"widget\" data-widget_type=\"spacer.default\">\n\t\t\t\t<div class=\"elementor-widget-container\">\n\t\t\t\t\t\t\t<div class=\"elementor-spacer\">\n\t\t\t<div class=\"elementor-spacer-inner\"><\/div>\n\t\t<\/div>\n\t\t\t\t\t\t<\/div>\n\t\t\t\t<\/div>\n\t\t\t\t\t<\/div>\n\t\t<\/div>\n\t\t\t\t\t<\/div>\n\t\t<\/section>\n\t\t\t\t<section class=\"elementor-section elementor-top-section elementor-element elementor-element-51249cd2 elementor-section-boxed elementor-section-height-default elementor-section-height-default\" data-id=\"51249cd2\" data-element_type=\"section\">\n\t\t\t\t\t\t<div class=\"elementor-container elementor-column-gap-default\">\n\t\t\t\t\t<div class=\"elementor-column elementor-col-100 elementor-top-column elementor-element elementor-element-1986d565\" data-id=\"1986d565\" data-element_type=\"column\">\n\t\t\t<div class=\"elementor-widget-wrap elementor-element-populated\">\n\t\t\t\t\t\t<div class=\"elementor-element elementor-element-785f39e4 elementor-widget elementor-widget-text-editor\" data-id=\"785f39e4\" data-element_type=\"widget\" data-widget_type=\"text-editor.default\">\n\t\t\t\t<div class=\"elementor-widget-container\">\n\t\t\t\t\t\t\t\t\t<p style=\"font-weight: 400;\"><strong>Willkommen in der Polaris-Wohnung 2<\/strong><\/p>\n<p style=\"font-weight: 400;\">Diese Bedingungen beschreiben die Regeln und Vorschriften f\u00fcr die Nutzung der Polaris App 2.<\/p>\n<p style=\"font-weight: 400;\">Polaris app 2 befindet sich in: Route du tremblan 2, 3961 Zinal; Schweiz.<\/p>\n<p style=\"font-weight: 400;\"><strong>Preisgestaltung<\/strong><\/p>\n<ul style=\"font-weight: 400;\">\n<li>Babys, die das Babybettchen benutzen, sind kostenlos, bitte erw\u00e4hnen Sie sie in den Kommentaren.<\/li>\n<li>Die Endreinigung (150 CHF + MwSt.) ist im Preis inbegriffen.<\/li>\n<li>Bettw\u00e4sche und Handt\u00fccher (obligatorisch) sind zum Preis von 20 CHF\/Person inbegriffen.\u00a0<\/li>\n<li>Kurtaxe im Preis inbegriffen<\/li>\n<li>Eine Kaution von 1000 CHF wird beim Check-in erhoben und beim Check-out zur\u00fcckerstattet.<\/li>\n<li>Der Mietpreis beinhaltet die Nebenkosten (Wasser, Strom und Heizung).\u00a0<\/li>\n<li>Im Falle eines Nichterscheinens (NO SHOW) verliert der Kunde 100% des im Voraus bezahlten Mietbetrags.<\/li>\n<li>Check-in ist ab 16:00 Uhr am Tag der Ankunft. Check-out ist vor 10:00 Uhr am Tag der Abreise.\u00a0<\/li>\n<li>Die Unterkunft muss am Ende des Aufenthalts sauber hinterlassen werden.\u00a0<\/li>\n<li>Der Mieter verpflichtet sich, der Agentur sp\u00e4testens 24 Stunden nach seiner Ankunft alle Sch\u00e4den zu melden. Der Mieter ist verantwortlich f\u00fcr alle Sch\u00e4den, Diebstahl, Verst\u00f6\u00dfe, Nichteinhaltung der Regeln w\u00e4hrend seines Aufenthalts verursacht.\u00a0<\/li>\n<li>Der Mieter verpflichtet sich, die Hausordnung einzuhalten. Es ist verboten, nach 22.00 Uhr L\u00e4rm zu machen. Das Rauchen ist in der Unterkunft und in den Gemeinschaftsr\u00e4umen verboten, sofern nicht anders angegeben. Mieter, die sich nicht an die Regeln halten, m\u00fcssen die R\u00e4umlichkeiten verlassen. Bei vorzeitiger Abreise besteht kein Anspruch auf Erm\u00e4\u00dfigung oder Teilerstattung des Mietpreises.\u00a0<\/li>\n<li>Im Falle von h\u00f6herer Gewalt: Naturkatastrophen, klimatische Umw\u00e4lzungen oder andere Beeintr\u00e4chtigungen durch Bauarbeiten, private oder \u00f6ffentliche Ereignisse, gibt kein Antrag das Recht auf Entsch\u00e4digung.<\/li>\n<\/ul>\n<p style=\"font-weight: 400;\"><strong>Annullierungspolitik<\/strong><\/p>\n<ul style=\"font-weight: 400;\">\n<li>Eine kostenlose Stornierung ist bis 31 Tage vor Anreise m\u00f6glich.<\/li>\n<li>31 Tage vor Anreise bis 15 Tage vor Anreise: 50% Stornogeb\u00fchr.<\/li>\n<li>Ab 15 Tage vor Anreise: 100% Stornogeb\u00fchr.<\/li>\n<\/ul>\n<p style=\"font-weight: 400;\"><strong>Zahlungen<\/strong><\/p>\n<ul style=\"font-weight: 400;\">\n<li>Zahlung per \u00dcberweisung oder Stripe (Kreditkarte oder Apple Pay) in CHF.<\/li>\n<li>Kontaktieren Sie uns f\u00fcr \u00dcberweisungen in EUR<\/li>\n<li>50% des gesamten Mietpreises m\u00fcssen innerhalb von 5 Tagen bezahlt werden, um die Reservierung zu best\u00e4tigen.<\/li>\n<li>Der Restbetrag muss 4 Wochen vor der Ankunft bezahlt werden.<\/li>\n<\/ul>\n<p style=\"font-weight: 400;\"><strong>Dankesch\u00f6n<\/strong><\/p>\n<p style=\"font-weight: 400;\">\u00a0<\/p>\t\t\t\t\t\t\t\t<\/div>\n\t\t\t\t<\/div>\n\t\t\t\t\t<\/div>\n\t\t<\/div>\n\t\t\t\t\t<\/div>\n\t\t<\/section>\n\t\t\t\t<\/div>","protected":false},"excerpt":{"rendered":"<p>Willkommen im Appartement Polaris 2 Die vorliegenden Bedingungen beschreiben die Regeln und Vorschriften f\u00fcr die Nutzung von Polaris app 2. Polaris app 2 befindet sich in: Route du tremblan 2, 3961 Zinal; Schweiz. Preisgestaltung Babys, die das Babybett benutzen, sind kostenlos, ... <a href=\"https:\/\/polariszinal.ch\/de\/terms-conditions\/\">Mehr lesen<\/a><\/p>","protected":false},"author":3,"featured_media":0,"parent":0,"menu_order":1,"comment_status":"closed","ping_status":"closed","template":"","meta":{"footnotes":""},"class_list":["post-117","page","type-page","status-publish","hentry"],"yoast_head":"<!-- This site is optimized with the Yoast SEO plugin v26.7 - https:\/\/yoast.com\/wordpress\/plugins\/seo\/ -->\n<title>Terms &amp; Conditions - Polaris Zinal<\/title>\n<meta name=\"robots\" content=\"index, follow, max-snippet:-1, max-image-preview:large, max-video-preview:-1\" \/>\n<link rel=\"canonical\" href=\"https:\/\/polariszinal.ch\/de\/terms-conditions\/\" \/>\n<meta property=\"og:locale\" content=\"de_DE\" \/>\n<meta property=\"og:type\" content=\"article\" \/>\n<meta property=\"og:title\" content=\"Terms &amp; Conditions - Polaris Zinal\" \/>\n<meta property=\"og:description\" content=\"Welcome to the Polaris apartement 2 These terms and conditions outline the rules and regulations for the use of Polaris app 2. Polaris app 2 is located at:\u00a0Route du tremblan 2, 3961 Zinal;\u00a0Switzerland. Pricing Babies\u00a0who use the babycot are free, &hellip; Read More\" \/>\n<meta property=\"og:url\" content=\"https:\/\/polariszinal.ch\/de\/terms-conditions\/\" \/>\n<meta property=\"og:site_name\" content=\"Polaris Zinal\" \/>\n<meta property=\"article:publisher\" content=\"https:\/\/www.facebook.com\/profile.php?id=100083383870838\" \/>\n<meta property=\"article:modified_time\" content=\"2025-03-12T14:38:47+00:00\" \/>\n<meta name=\"twitter:card\" content=\"summary_large_image\" \/>\n<meta name=\"twitter:label1\" content=\"Gesch\u00e4tzte Lesezeit\" \/>\n\t<meta name=\"twitter:data1\" content=\"2\u00a0Minuten\" \/>\n<script type=\"application\/ld+json\" class=\"yoast-schema-graph\">{\"@context\":\"https:\/\/schema.org\",\"@graph\":[{\"@type\":\"WebPage\",\"@id\":\"https:\/\/polariszinal.ch\/terms-conditions\/\",\"url\":\"https:\/\/polariszinal.ch\/terms-conditions\/\",\"name\":\"Terms & Conditions - Polaris Zinal\",\"isPartOf\":{\"@id\":\"https:\/\/polariszinal.ch\/#website\"},\"datePublished\":\"2021-12-31T21:31:17+00:00\",\"dateModified\":\"2025-03-12T14:38:47+00:00\",\"breadcrumb\":{\"@id\":\"https:\/\/polariszinal.ch\/terms-conditions\/#breadcrumb\"},\"inLanguage\":\"de\",\"potentialAction\":[{\"@type\":\"ReadAction\",\"target\":[\"https:\/\/polariszinal.ch\/terms-conditions\/\"]}]},{\"@type\":\"BreadcrumbList\",\"@id\":\"https:\/\/polariszinal.ch\/terms-conditions\/#breadcrumb\",\"itemListElement\":[{\"@type\":\"ListItem\",\"position\":1,\"name\":\"Home\",\"item\":\"https:\/\/polariszinal.ch\/\"},{\"@type\":\"ListItem\",\"position\":2,\"name\":\"Terms &#038; Conditions\"}]},{\"@type\":\"WebSite\",\"@id\":\"https:\/\/polariszinal.ch\/#website\",\"url\":\"https:\/\/polariszinal.ch\/\",\"name\":\"Polaris Zinal\",\"description\":\"Appartement 2\",\"publisher\":{\"@id\":\"https:\/\/polariszinal.ch\/#organization\"},\"potentialAction\":[{\"@type\":\"SearchAction\",\"target\":{\"@type\":\"EntryPoint\",\"urlTemplate\":\"https:\/\/polariszinal.ch\/?s={search_term_string}\"},\"query-input\":{\"@type\":\"PropertyValueSpecification\",\"valueRequired\":true,\"valueName\":\"search_term_string\"}}],\"inLanguage\":\"de\"},{\"@type\":\"Organization\",\"@id\":\"https:\/\/polariszinal.ch\/#organization\",\"name\":\"Polaris Zinal\",\"url\":\"https:\/\/polariszinal.ch\/\",\"logo\":{\"@type\":\"ImageObject\",\"inLanguage\":\"de\",\"@id\":\"https:\/\/polariszinal.ch\/#\/schema\/logo\/image\/\",\"url\":\"https:\/\/polariszinal.ch\/wp-content\/uploads\/2022\/01\/WhatsApp-Image-2022-09-22-at-1.03.18-PM.jpeg\",\"contentUrl\":\"https:\/\/polariszinal.ch\/wp-content\/uploads\/2022\/01\/WhatsApp-Image-2022-09-22-at-1.03.18-PM.jpeg\",\"width\":634,\"height\":540,\"caption\":\"Polaris Zinal\"},\"image\":{\"@id\":\"https:\/\/polariszinal.ch\/#\/schema\/logo\/image\/\"},\"sameAs\":[\"https:\/\/www.facebook.com\/profile.php?id=100083383870838\",\"https:\/\/www.instagram.com\/polaris_zinal_app2\/\"]}]}<\/script>\n<!-- \/ Yoast SEO plugin. -->","yoast_head_json":{"title":"Terms & Conditions - Polaris Zinal","robots":{"index":"index","follow":"follow","max-snippet":"max-snippet:-1","max-image-preview":"max-image-preview:large","max-video-preview":"max-video-preview:-1"},"canonical":"https:\/\/polariszinal.ch\/de\/terms-conditions\/","og_locale":"de_DE","og_type":"article","og_title":"Terms & Conditions - Polaris Zinal","og_description":"Welcome to the Polaris apartement 2 These terms and conditions outline the rules and regulations for the use of Polaris app 2. Polaris app 2 is located at:\u00a0Route du tremblan 2, 3961 Zinal;\u00a0Switzerland. Pricing Babies\u00a0who use the babycot are free, &hellip; Read More","og_url":"https:\/\/polariszinal.ch\/de\/terms-conditions\/","og_site_name":"Polaris Zinal","article_publisher":"https:\/\/www.facebook.com\/profile.php?id=100083383870838","article_modified_time":"2025-03-12T14:38:47+00:00","twitter_card":"summary_large_image","twitter_misc":{"Gesch\u00e4tzte Lesezeit":"2\u00a0Minuten"},"schema":{"@context":"https:\/\/schema.org","@graph":[{"@type":"WebPage","@id":"https:\/\/polariszinal.ch\/terms-conditions\/","url":"https:\/\/polariszinal.ch\/terms-conditions\/","name":"Terms & Conditions - Polaris Zinal","isPartOf":{"@id":"https:\/\/polariszinal.ch\/#website"},"datePublished":"2021-12-31T21:31:17+00:00","dateModified":"2025-03-12T14:38:47+00:00","breadcrumb":{"@id":"https:\/\/polariszinal.ch\/terms-conditions\/#breadcrumb"},"inLanguage":"de","potentialAction":[{"@type":"ReadAction","target":["https:\/\/polariszinal.ch\/terms-conditions\/"]}]},{"@type":"BreadcrumbList","@id":"https:\/\/polariszinal.ch\/terms-conditions\/#breadcrumb","itemListElement":[{"@type":"ListItem","position":1,"name":"Home","item":"https:\/\/polariszinal.ch\/"},{"@type":"ListItem","position":2,"name":"Terms &#038; Conditions"}]},{"@type":"WebSite","@id":"https:\/\/polariszinal.ch\/#website","url":"https:\/\/polariszinal.ch\/","name":"Polaris Zinal","description":"Appartement 2","publisher":{"@id":"https:\/\/polariszinal.ch\/#organization"},"potentialAction":[{"@type":"SearchAction","target":{"@type":"EntryPoint","urlTemplate":"https:\/\/polariszinal.ch\/?s={search_term_string}"},"query-input":{"@type":"PropertyValueSpecification","valueRequired":true,"valueName":"search_term_string"}}],"inLanguage":"de"},{"@type":"Organization","@id":"https:\/\/polariszinal.ch\/#organization","name":"Polaris Zinal","url":"https:\/\/polariszinal.ch\/","logo":{"@type":"ImageObject","inLanguage":"de","@id":"https:\/\/polariszinal.ch\/#\/schema\/logo\/image\/","url":"https:\/\/polariszinal.ch\/wp-content\/uploads\/2022\/01\/WhatsApp-Image-2022-09-22-at-1.03.18-PM.jpeg","contentUrl":"https:\/\/polariszinal.ch\/wp-content\/uploads\/2022\/01\/WhatsApp-Image-2022-09-22-at-1.03.18-PM.jpeg","width":634,"height":540,"caption":"Polaris Zinal"},"image":{"@id":"https:\/\/polariszinal.ch\/#\/schema\/logo\/image\/"},"sameAs":["https:\/\/www.facebook.com\/profile.php?id=100083383870838","https:\/\/www.instagram.com\/polaris_zinal_app2\/"]}]}},"_links":{"self":[{"href":"https:\/\/polariszinal.ch\/de\/wp-json\/wp\/v2\/pages\/117","targetHints":{"allow":["GET"]}}],"collection":[{"href":"https:\/\/polariszinal.ch\/de\/wp-json\/wp\/v2\/pages"}],"about":[{"href":"https:\/\/polariszinal.ch\/de\/wp-json\/wp\/v2\/types\/page"}],"author":[{"embeddable":true,"href":"https:\/\/polariszinal.ch\/de\/wp-json\/wp\/v2\/users\/3"}],"replies":[{"embeddable":true,"href":"https:\/\/polariszinal.ch\/de\/wp-json\/wp\/v2\/comments?post=117"}],"version-history":[{"count":18,"href":"https:\/\/polariszinal.ch\/de\/wp-json\/wp\/v2\/pages\/117\/revisions"}],"predecessor-version":[{"id":2084,"href":"https:\/\/polariszinal.ch\/de\/wp-json\/wp\/v2\/pages\/117\/revisions\/2084"}],"wp:attachment":[{"href":"https:\/\/polariszinal.ch\/de\/wp-json\/wp\/v2\/media?parent=117"}],"curies":[{"name":"wp","href":"https:\/\/api.w.org\/{rel}","templated":true}]}}